{"id":2450,"date":"2025-02-04T21:36:57","date_gmt":"2025-02-05T01:36:57","guid":{"rendered":"https:\/\/citylabbiobio.cl\/german-fuentes\/"},"modified":"2025-02-05T14:54:40","modified_gmt":"2025-02-05T18:54:40","slug":"german-fuentes","status":"publish","type":"page","link":"https:\/\/citylabbiobio.cl\/en\/german-fuentes\/","title":{"rendered":"Germ\u00e1n Fuentes"},"content":{"rendered":"<p><div class=\"fusion-fullwidth fullwidth-box fusion-builder-row-1 fusion-flex-container has-pattern-background has-mask-background nonhundred-percent-fullwidth non-hundred-percent-height-scrolling\" style=\"--awb-border-radius-top-left:0px;--awb-border-radius-top-right:0px;--awb-border-radius-bottom-right:0px;--awb-border-radius-bottom-left:0px;--awb-padding-top:44px;--awb-flex-wrap:wrap;\" ><div class=\"fusion-builder-row fusion-row fusion-flex-align-items-flex-start fusion-flex-content-wrap\" style=\"max-width:1248px;margin-left: calc(-4% \/ 2 );margin-right: calc(-4% \/ 2 );\"><div class=\"fusion-layout-column fusion_builder_column fusion-builder-column-0 fusion_builder_column_1_1 1_1 fusion-flex-column\" style=\"--awb-bg-size:cover;--awb-width-large:100%;--awb-margin-top-large:0px;--awb-spacing-right-large:1.92%;--awb-margin-bottom-large:20px;--awb-spacing-left-large:1.92%;--awb-width-medium:100%;--awb-order-medium:0;--awb-spacing-right-medium:1.92%;--awb-spacing-left-medium:1.92%;--awb-width-small:100%;--awb-order-small:0;--awb-spacing-right-small:1.92%;--awb-spacing-left-small:1.92%;\"><div class=\"fusion-column-wrapper fusion-column-has-shadow fusion-flex-justify-content-flex-start fusion-content-layout-column\"><div class=\"fusion-image-element \" style=\"text-align:center;--awb-margin-left-small:30px;--awb-max-width:180px;--awb-caption-title-font-family:var(--h2_typography-font-family);--awb-caption-title-font-weight:var(--h2_typography-font-weight);--awb-caption-title-font-style:var(--h2_typography-font-style);--awb-caption-title-size:var(--h2_typography-font-size);--awb-caption-title-transform:var(--h2_typography-text-transform);--awb-caption-title-line-height:var(--h2_typography-line-height);--awb-caption-title-letter-spacing:var(--h2_typography-letter-spacing);\"><span class=\" fusion-imageframe imageframe-none imageframe-1 hover-type-none\"><img decoding=\"async\" width=\"306\" height=\"76\" title=\"logo-citylab-gris\" src=\"https:\/\/citylabbiobio.cl\/wp-content\/uploads\/2024\/09\/logo-citylab-gris.svg\" alt class=\"img-responsive wp-image-2144\"\/><\/span><\/div><\/div><\/div><\/div><\/div><div class=\"fusion-fullwidth fullwidth-box fusion-builder-row-2 fusion-flex-container has-pattern-background has-mask-background nonhundred-percent-fullwidth non-hundred-percent-height-scrolling\" style=\"--awb-border-radius-top-left:0px;--awb-border-radius-top-right:0px;--awb-border-radius-bottom-right:0px;--awb-border-radius-bottom-left:0px;--awb-flex-wrap:wrap;\" ><div class=\"fusion-builder-row fusion-row fusion-flex-align-items-flex-start fusion-flex-content-wrap\" style=\"max-width:1248px;margin-left: calc(-4% \/ 2 );margin-right: calc(-4% \/ 2 );\"><div class=\"fusion-layout-column fusion_builder_column fusion-builder-column-1 fusion_builder_column_1_1 1_1 fusion-flex-column\" style=\"--awb-padding-top:18px;--awb-bg-size:cover;--awb-width-large:100%;--awb-margin-top-large:0px;--awb-spacing-right-large:1.92%;--awb-margin-bottom-large:20px;--awb-spacing-left-large:1.92%;--awb-width-medium:100%;--awb-order-medium:0;--awb-spacing-right-medium:1.92%;--awb-spacing-left-medium:1.92%;--awb-width-small:100%;--awb-order-small:0;--awb-spacing-right-small:1.92%;--awb-spacing-left-small:1.92%;\"><div class=\"fusion-column-wrapper fusion-column-has-shadow fusion-flex-justify-content-flex-start fusion-content-layout-column\"><div class=\"fusion-image-element \" style=\"text-align:center;--awb-margin-bottom-small:20px;--awb-max-width:150px;--awb-caption-title-font-family:var(--h2_typography-font-family);--awb-caption-title-font-weight:var(--h2_typography-font-weight);--awb-caption-title-font-style:var(--h2_typography-font-style);--awb-caption-title-size:var(--h2_typography-font-size);--awb-caption-title-transform:var(--h2_typography-text-transform);--awb-caption-title-line-height:var(--h2_typography-line-height);--awb-caption-title-letter-spacing:var(--h2_typography-letter-spacing);\"><span class=\" fusion-imageframe imageframe-none imageframe-2 hover-type-none\"><img decoding=\"async\" width=\"500\" height=\"500\" src=\"https:\/\/d26q11cgz8q0ri.cloudfront.net\/2024\/10\/21112404\/CityLab_FotosEquipo-8.png\" alt class=\"img-responsive wp-image-2159\" srcset=\"https:\/\/d26q11cgz8q0ri.cloudfront.net\/2024\/10\/21112404\/CityLab_FotosEquipo-8-200x200.png 200w, https:\/\/d26q11cgz8q0ri.cloudfront.net\/2024\/10\/21112404\/CityLab_FotosEquipo-8-400x400.png 400w, https:\/\/d26q11cgz8q0ri.cloudfront.net\/2024\/10\/21112404\/CityLab_FotosEquipo-8.png 500w\" sizes=\"(max-width: 640px) 100vw, 500px\" \/><\/span><\/div><div class=\"fusion-title title fusion-title-1 fusion-no-small-visibility fusion-no-medium-visibility fusion-sep-none fusion-title-center fusion-title-text fusion-title-size-one\" style=\"--awb-margin-bottom:10px;--awb-margin-top-small:10px;--awb-margin-right-small:0px;--awb-margin-bottom-small:10px;--awb-margin-left-small:0px;\"><h1 class=\"fusion-title-heading title-heading-center\" style=\"margin:0;\">Germ\u00e1n Fuentes<\/h1><\/div><div class=\"fusion-title title fusion-title-2 fusion-no-small-visibility fusion-no-medium-visibility fusion-sep-none fusion-title-center fusion-title-text fusion-title-size-three\" style=\"--awb-margin-top-small:10px;--awb-margin-right-small:0px;--awb-margin-bottom-small:10px;--awb-margin-left-small:0px;\"><h3 class=\"fusion-title-heading title-heading-center\" style=\"margin:0;\"><div style=\"text-align: center;\"><span style=\"color: var(--awb-text-color); font-family: var(--h3_typography-font-family); font-size: 1em; font-style: var(--h3_typography-font-style,normal); font-weight: var(--h3_typography-font-weight); letter-spacing: var(--h3_typography-letter-spacing); text-transform: var(--h3_typography-text-transform); background-color: var(--awb-bg-color);\">Head of Communications<\/span><\/div><\/h3><\/div><div class=\"fusion-title title fusion-title-3 fusion-no-medium-visibility fusion-no-large-visibility fusion-sep-none fusion-title-text fusion-title-size-two\" style=\"--awb-text-color:var(--awb-color7);--awb-margin-top-small:10px;--awb-margin-right-small:0px;--awb-margin-bottom-small:10px;--awb-margin-left-small:0px;\"><h2 class=\"fusion-title-heading title-heading-left sm-text-align-center\" style=\"margin:0;\"><span style=\"background-color: var(--awb-bg-color-small); color: var(--awb-text-color); font-family: var(--h2_typography-font-family); font-size: 3rem; font-style: var(--h2_typography-font-style,normal); font-weight: var(--h2_typography-font-weight); letter-spacing: var(--h2_typography-letter-spacing); text-align: left; text-transform: var(--h2_typography-text-transform); line-height: 43px;\" data-fusion-font=\"true\">Germ\u00e1n <\/span><span style=\"color: var(--awb-text-color); font-family: var(--h2_typography-font-family); font-style: var(--h2_typography-font-style,normal); font-weight: var(--h2_typography-font-weight); text-transform: var(--h2_typography-text-transform); background-color: var(--awb-bg-color-small); font-size: 3rem; letter-spacing: var(--h2_typography-letter-spacing); text-align: left; line-height: 43px;\" data-fusion-font=\"true\">Fuentes<\/span><span style=\"color: var(--awb-text-color); font-family: var(--h2_typography-font-family); font-size: 1em; font-style: var(--h2_typography-font-style,normal); font-weight: var(--h2_typography-font-weight); letter-spacing: var(--h2_typography-letter-spacing); text-align: left; text-transform: var(--h2_typography-text-transform); background-color: var(--awb-bg-color-small-hover);\"><br \/><\/span><span style=\"font-family: var(--h2_typography-font-family); font-style: var(--h2_typography-font-style,normal); font-weight: var(--h2_typography-font-weight); letter-spacing: var(--h2_typography-letter-spacing); text-align: left; text-transform: var(--h2_typography-text-transform); background-color: var(--awb-bg-color-small-hover); font-size: 20px; color: var(--awb-color4);\" data-fusion-font=\"true\">Head of Communications<\/span><\/h2><\/div><\/div><\/div><\/div><\/div><div class=\"fusion-fullwidth fullwidth-box fusion-builder-row-3 fusion-flex-container has-pattern-background has-mask-background nonhundred-percent-fullwidth non-hundred-percent-height-scrolling\" style=\"--awb-border-radius-top-left:0px;--awb-border-radius-top-right:0px;--awb-border-radius-bottom-right:0px;--awb-border-radius-bottom-left:0px;--awb-padding-bottom-small:0px;--awb-margin-bottom-small:0px;--awb-background-color-small:var(--awb-color1);--awb-flex-wrap:wrap;\" ><div class=\"fusion-builder-row fusion-row fusion-flex-align-items-flex-start fusion-flex-content-wrap\" style=\"max-width:1248px;margin-left: calc(-4% \/ 2 );margin-right: calc(-4% \/ 2 );\"><div class=\"fusion-layout-column fusion_builder_column fusion-builder-column-2 fusion_builder_column_1_1 1_1 fusion-flex-column\" style=\"--awb-bg-size:cover;--awb-width-large:100%;--awb-margin-top-large:0px;--awb-spacing-right-large:1.92%;--awb-margin-bottom-large:20px;--awb-spacing-left-large:1.92%;--awb-width-medium:100%;--awb-order-medium:0;--awb-spacing-right-medium:1.92%;--awb-spacing-left-medium:1.92%;--awb-width-small:100%;--awb-order-small:0;--awb-spacing-right-small:1.92%;--awb-spacing-left-small:1.92%;\"><div class=\"fusion-column-wrapper fusion-column-has-shadow fusion-flex-justify-content-flex-start fusion-content-layout-column\"><div class=\"fusion-separator fusion-no-medium-visibility fusion-no-large-visibility\" style=\"align-self: center;margin-left: auto;margin-right: auto;flex-grow:1;width:100%;max-width:30px;\"><div class=\"fusion-separator-border sep-single sep-dotted\" style=\"--awb-height:20px;--awb-amount:20px;--awb-sep-color:var(--awb-color4);border-color:var(--awb-color4);border-top-width:4px;\"><\/div><\/div><div class=\"fusion-social-links fusion-social-links-1 fusion-no-medium-visibility\" style=\"--awb-margin-top:0px;--awb-margin-right:0px;--awb-margin-bottom:0px;--awb-margin-left:0px;--awb-margin-top-small:20px;--awb-margin-bottom-small:20px;--awb-alignment:center;--awb-box-border-top:0px;--awb-box-border-right:0px;--awb-box-border-bottom:0px;--awb-box-border-left:0px;--awb-icon-colors-hover:var(--awb-color4);--awb-box-colors-hover:var(--awb-color1);--awb-box-border-color:var(--awb-color3);--awb-box-border-color-hover:var(--awb-color4);--awb-alignment-small:center;\"><div class=\"fusion-social-networks boxed-icons color-type-custom\"><div class=\"fusion-social-networks-wrapper\"><a class=\"fusion-social-network-icon fusion-tooltip fusion-linkedin fa-linkedin-in fab\" style=\"color:var(--awb-color4);font-size:16px;width:16px;background-color:var(--awb-color7);border-color:var(--awb-color7);border-radius:4px;\" data-placement=\"top\" data-title=\"LinkedIn\" data-toggle=\"tooltip\" title=\"LinkedIn\" aria-label=\"linkedin\" target=\"_blank\" rel=\"noopener noreferrer\" href=\"https:\/\/www.linkedin.com\/in\/germanfuentes\/\"><\/a><a class=\"fusion-social-network-icon fusion-tooltip fusion-instagram awb-icon-instagram\" style=\"color:var(--awb-color4);font-size:16px;width:16px;background-color:var(--awb-color7);border-color:var(--awb-color7);border-radius:4px;\" data-placement=\"top\" data-title=\"Instagram\" data-toggle=\"tooltip\" title=\"Instagram\" aria-label=\"instagram\" target=\"_blank\" rel=\"noopener noreferrer\" href=\"https:\/\/www.instagram.com\/citylabbiobio\/\"><\/a><a class=\"fusion-social-network-icon fusion-tooltip fusion-whatsapp awb-icon-whatsapp\" style=\"color:var(--awb-color4);font-size:16px;width:16px;background-color:var(--awb-color7);border-color:var(--awb-color7);border-radius:4px;\" data-placement=\"top\" data-title=\"WhatsApp\" data-toggle=\"tooltip\" title=\"WhatsApp\" aria-label=\"whatsapp\" target=\"_blank\" rel=\"noopener noreferrer\" href=\"https:\/\/wa.me\/qr\/KHAEKCJKNL7IB1\"><\/a><a class=\"fusion-social-network-icon fusion-tooltip fusion-mail awb-icon-mail\" style=\"color:var(--awb-color4);font-size:16px;width:16px;background-color:var(--awb-color7);border-color:var(--awb-color7);border-radius:4px;\" data-placement=\"top\" data-title=\"Email\" data-toggle=\"tooltip\" title=\"Email\" aria-label=\"mail\" target=\"_blank\" rel=\"noopener noreferrer\" href=\"mailto:&#103;&#101;rman.f&#117;en&#116;&#101;&#115;&#064;cit&#121;&#108;abb&#105;obio&#046;&#099;&#108;\"><\/a><a class=\"fusion-social-network-icon fusion-tooltip fusion-phone awb-icon-phone\" style=\"color:var(--awb-color4);font-size:16px;width:16px;background-color:var(--awb-color7);border-color:var(--awb-color7);border-radius:4px;\" data-placement=\"top\" data-title=\"Phone\" data-toggle=\"tooltip\" title=\"Phone\" aria-label=\"phone\" target=\"_self\" rel=\"noopener noreferrer\" href=\"tel:+56991479856\"><\/a><\/div><\/div><\/div><div class=\"fusion-text fusion-text-1\" style=\"--awb-margin-top:20px;--awb-margin-right:30px;--awb-margin-left:30px;\"><p style=\"text-align: left;\">Journalist from the Universidad de Concepci\u00f3n, with a Minor in Renewable Energies and Energy Efficiency. Through his work with foundations, production companies, and technological innovation projects, he has developed skills in strategic communications, internal communications, graphic design, photography, and documentary video. In addition, he has <i>conducted<\/i> research in communication and linguistics, and has presented his work at national and international conferences.<\/p>\n<\/div><div class=\"fusion-image-element sm-text-align-center\" style=\"--awb-max-width:300px;--awb-caption-title-font-family:var(--h2_typography-font-family);--awb-caption-title-font-weight:var(--h2_typography-font-weight);--awb-caption-title-font-style:var(--h2_typography-font-style);--awb-caption-title-size:var(--h2_typography-font-size);--awb-caption-title-transform:var(--h2_typography-text-transform);--awb-caption-title-line-height:var(--h2_typography-line-height);--awb-caption-title-letter-spacing:var(--h2_typography-letter-spacing);\"><span class=\" fusion-imageframe imageframe-none imageframe-3 hover-type-none\"><img decoding=\"async\" width=\"2139\" height=\"2139\" title=\"qr-code\" src=\"https:\/\/d26q11cgz8q0ri.cloudfront.net\/2025\/02\/24214702\/qr-code.png\" alt class=\"img-responsive wp-image-2396\" srcset=\"https:\/\/d26q11cgz8q0ri.cloudfront.net\/2025\/02\/24214702\/qr-code-200x200.png 200w, https:\/\/d26q11cgz8q0ri.cloudfront.net\/2025\/02\/24214702\/qr-code-400x400.png 400w, https:\/\/d26q11cgz8q0ri.cloudfront.net\/2025\/02\/24214702\/qr-code-600x600.png 600w, https:\/\/d26q11cgz8q0ri.cloudfront.net\/2025\/02\/24214702\/qr-code-800x800.png 800w, https:\/\/d26q11cgz8q0ri.cloudfront.net\/2025\/02\/24214702\/qr-code-1200x1200.png 1200w, https:\/\/d26q11cgz8q0ri.cloudfront.net\/2025\/02\/24214702\/qr-code.png 2139w\" sizes=\"(max-width: 640px) 100vw, 1200px\" \/><\/span><\/div><div class=\"sm-text-align-center\"><a class=\"fusion-button button-flat button-xlarge button-custom fusion-button-default button-1 fusion-button-span-yes fusion-no-small-visibility fusion-no-medium-visibility\" style=\"--button_accent_color:var(--awb-color4);--button_border_color:var(--awb-color4);--button_accent_hover_color:var(--awb-color4);--button_border_hover_color:var(--awb-color1);--button-border-radius-top-left:10px;--button-border-radius-top-right:10px;--button-border-radius-bottom-right:10px;--button-border-radius-bottom-left:10px;--button_gradient_end:0%;--button_gradient_top_color:var(--awb-color6);--button_gradient_bottom_color:var(--awb-color6);--button_gradient_top_color_hover:hsla(var(--awb-color7-h),calc(var(--awb-color7-s) - 5%),calc(var(--awb-color7-l) - 10%),var(--awb-color7-a));--button_gradient_bottom_color_hover:hsla(var(--awb-color7-h),calc(var(--awb-color7-s) - 5%),calc(var(--awb-color7-l) - 10%),var(--awb-color7-a));--button_text_transform:capitalize;--button_margin-top:40px;--button_margin-right:40px;--button_margin-left:40px;width:calc(100% - 40px - 40px);\" target=\"_blank\" rel=\"noopener noreferrer\" href=\"https:\/\/citylabbiobio.cl\/wp-content\/uploads\/2025\/02\/german_fuentes.vcf\"><i class=\"fa-angle-double-up fas awb-button__icon awb-button__icon--default button-icon-left\" aria-hidden=\"true\"><\/i><span class=\"fusion-button-text awb-button__text awb-button__text--default\">Let&#8217;s talk<\/span><\/a><\/div><\/div><\/div><\/div><\/div><\/p>\n","protected":false},"excerpt":{"rendered":"","protected":false},"author":5,"featured_media":2350,"parent":0,"menu_order":0,"comment_status":"closed","ping_status":"closed","template":"blank.php","meta":{"footnotes":""},"class_list":["post-2450","page","type-page","status-publish","has-post-thumbnail","hentry"],"yoast_head":"<!-- This site is optimized with the Yoast SEO plugin v27.3 - https:\/\/yoast.com\/product\/yoast-seo-wordpress\/ -->\n<title>Germ\u00e1n Fuentes - City Lab Biob\u00edo - evolucionamos la ciudad<\/title>\n<meta name=\"description\" content=\"City Lab Bio Bio&#039;s work includes a range of documents and studies.\" \/>\n<meta name=\"robots\" content=\"index, follow, max-snippet:-1, max-image-preview:large, max-video-preview:-1\" \/>\n<link rel=\"canonical\" href=\"https:\/\/citylabbiobio.cl\/en\/german-fuentes\/\" \/>\n<meta property=\"og:locale\" content=\"en_US\" \/>\n<meta property=\"og:type\" content=\"article\" \/>\n<meta property=\"og:title\" content=\"Germ\u00e1n Fuentes - City Lab Biob\u00edo - evolucionamos la ciudad\" \/>\n<meta property=\"og:description\" content=\"City Lab Bio Bio&#039;s work includes a range of documents and studies.\" \/>\n<meta property=\"og:url\" content=\"https:\/\/citylabbiobio.cl\/en\/german-fuentes\/\" \/>\n<meta property=\"og:site_name\" content=\"City Lab Biob\u00edo - evolucionamos la ciudad\" \/>\n<meta property=\"article:modified_time\" content=\"2025-02-05T18:54:40+00:00\" \/>\n<meta property=\"og:image\" content=\"https:\/\/citylabbiobio.cl\/wp-content\/uploads\/2025\/02\/Concepcion-scaled.jpg\" \/>\n\t<meta property=\"og:image:width\" content=\"2560\" \/>\n\t<meta property=\"og:image:height\" content=\"1440\" \/>\n\t<meta property=\"og:image:type\" content=\"image\/jpeg\" \/>\n<meta name=\"twitter:card\" content=\"summary_large_image\" \/>\n<meta name=\"twitter:label1\" content=\"Est. reading time\" \/>\n\t<meta name=\"twitter:data1\" content=\"13 minutes\" \/>\n<script type=\"application\/ld+json\" class=\"yoast-schema-graph\">{\"@context\":\"https:\\\/\\\/schema.org\",\"@graph\":[{\"@type\":\"WebPage\",\"@id\":\"https:\\\/\\\/citylabbiobio.cl\\\/en\\\/german-fuentes\\\/\",\"url\":\"https:\\\/\\\/citylabbiobio.cl\\\/en\\\/german-fuentes\\\/\",\"name\":\"Germ\u00e1n Fuentes - City Lab Biob\u00edo - evolucionamos la ciudad\",\"isPartOf\":{\"@id\":\"https:\\\/\\\/citylabbiobio.cl\\\/#website\"},\"primaryImageOfPage\":{\"@id\":\"https:\\\/\\\/citylabbiobio.cl\\\/en\\\/german-fuentes\\\/#primaryimage\"},\"image\":{\"@id\":\"https:\\\/\\\/citylabbiobio.cl\\\/en\\\/german-fuentes\\\/#primaryimage\"},\"thumbnailUrl\":\"https:\\\/\\\/d26q11cgz8q0ri.cloudfront.net\\\/2025\\\/02\\\/24214728\\\/Concepcion-scaled.jpg\",\"datePublished\":\"2025-02-05T01:36:57+00:00\",\"dateModified\":\"2025-02-05T18:54:40+00:00\",\"description\":\"City Lab Bio Bio's work includes a range of documents and studies.\",\"breadcrumb\":{\"@id\":\"https:\\\/\\\/citylabbiobio.cl\\\/en\\\/german-fuentes\\\/#breadcrumb\"},\"inLanguage\":\"en-US\",\"potentialAction\":[{\"@type\":\"ReadAction\",\"target\":[\"https:\\\/\\\/citylabbiobio.cl\\\/en\\\/german-fuentes\\\/\"]}]},{\"@type\":\"ImageObject\",\"inLanguage\":\"en-US\",\"@id\":\"https:\\\/\\\/citylabbiobio.cl\\\/en\\\/german-fuentes\\\/#primaryimage\",\"url\":\"https:\\\/\\\/d26q11cgz8q0ri.cloudfront.net\\\/2025\\\/02\\\/24214728\\\/Concepcion-scaled.jpg\",\"contentUrl\":\"https:\\\/\\\/d26q11cgz8q0ri.cloudfront.net\\\/2025\\\/02\\\/24214728\\\/Concepcion-scaled.jpg\",\"width\":2560,\"height\":1440,\"caption\":\"default\"},{\"@type\":\"BreadcrumbList\",\"@id\":\"https:\\\/\\\/citylabbiobio.cl\\\/en\\\/german-fuentes\\\/#breadcrumb\",\"itemListElement\":[{\"@type\":\"ListItem\",\"position\":1,\"name\":\"Portada\",\"item\":\"https:\\\/\\\/citylabbiobio.cl\\\/en\\\/\"},{\"@type\":\"ListItem\",\"position\":2,\"name\":\"Germ\u00e1n Fuentes\"}]},{\"@type\":\"WebSite\",\"@id\":\"https:\\\/\\\/citylabbiobio.cl\\\/#website\",\"url\":\"https:\\\/\\\/citylabbiobio.cl\\\/\",\"name\":\"City Lab B\u00edo B\u00edo\",\"description\":\"Evolucionamos la ciudad\",\"publisher\":{\"@id\":\"https:\\\/\\\/citylabbiobio.cl\\\/#organization\"},\"alternateName\":\"Laboratorio de ciudad\",\"potentialAction\":[{\"@type\":\"SearchAction\",\"target\":{\"@type\":\"EntryPoint\",\"urlTemplate\":\"https:\\\/\\\/citylabbiobio.cl\\\/?s={search_term_string}\"},\"query-input\":{\"@type\":\"PropertyValueSpecification\",\"valueRequired\":true,\"valueName\":\"search_term_string\"}}],\"inLanguage\":\"en-US\"},{\"@type\":\"Organization\",\"@id\":\"https:\\\/\\\/citylabbiobio.cl\\\/#organization\",\"name\":\"City Lab B\u00edo B\u00edo\",\"alternateName\":\"Laboratorio de Ciudad Biob\u00edo\",\"url\":\"https:\\\/\\\/citylabbiobio.cl\\\/\",\"logo\":{\"@type\":\"ImageObject\",\"inLanguage\":\"en-US\",\"@id\":\"https:\\\/\\\/citylabbiobio.cl\\\/#\\\/schema\\\/logo\\\/image\\\/\",\"url\":\"https:\\\/\\\/citylabbiobio.cl\\\/wp-content\\\/uploads\\\/2023\\\/05\\\/logo-cl-mit.png\",\"contentUrl\":\"https:\\\/\\\/citylabbiobio.cl\\\/wp-content\\\/uploads\\\/2023\\\/05\\\/logo-cl-mit.png\",\"width\":290,\"height\":83,\"caption\":\"City Lab B\u00edo B\u00edo\"},\"image\":{\"@id\":\"https:\\\/\\\/citylabbiobio.cl\\\/#\\\/schema\\\/logo\\\/image\\\/\"},\"sameAs\":[\"https:\\\/\\\/www.youtube.com\\\/@CityLabBiobio\",\"https:\\\/\\\/www.linkedin.com\\\/company\\\/citylabbiobio\\\/?originalSubdomain=cl\",\"https:\\\/\\\/www.instagram.com\\\/citylabbiobio\\\/\"]}]}<\/script>\n<!-- \/ Yoast SEO plugin. -->","yoast_head_json":{"title":"Germ\u00e1n Fuentes - City Lab Biob\u00edo - evolucionamos la ciudad","description":"City Lab Bio Bio's work includes a range of documents and studies.","robots":{"index":"index","follow":"follow","max-snippet":"max-snippet:-1","max-image-preview":"max-image-preview:large","max-video-preview":"max-video-preview:-1"},"canonical":"https:\/\/citylabbiobio.cl\/en\/german-fuentes\/","og_locale":"en_US","og_type":"article","og_title":"Germ\u00e1n Fuentes - City Lab Biob\u00edo - evolucionamos la ciudad","og_description":"City Lab Bio Bio's work includes a range of documents and studies.","og_url":"https:\/\/citylabbiobio.cl\/en\/german-fuentes\/","og_site_name":"City Lab Biob\u00edo - evolucionamos la ciudad","article_modified_time":"2025-02-05T18:54:40+00:00","og_image":[{"width":2560,"height":1440,"url":"https:\/\/citylabbiobio.cl\/wp-content\/uploads\/2025\/02\/Concepcion-scaled.jpg","type":"image\/jpeg"}],"twitter_card":"summary_large_image","twitter_misc":{"Est. reading time":"13 minutes"},"schema":{"@context":"https:\/\/schema.org","@graph":[{"@type":"WebPage","@id":"https:\/\/citylabbiobio.cl\/en\/german-fuentes\/","url":"https:\/\/citylabbiobio.cl\/en\/german-fuentes\/","name":"Germ\u00e1n Fuentes - City Lab Biob\u00edo - evolucionamos la ciudad","isPartOf":{"@id":"https:\/\/citylabbiobio.cl\/#website"},"primaryImageOfPage":{"@id":"https:\/\/citylabbiobio.cl\/en\/german-fuentes\/#primaryimage"},"image":{"@id":"https:\/\/citylabbiobio.cl\/en\/german-fuentes\/#primaryimage"},"thumbnailUrl":"https:\/\/d26q11cgz8q0ri.cloudfront.net\/2025\/02\/24214728\/Concepcion-scaled.jpg","datePublished":"2025-02-05T01:36:57+00:00","dateModified":"2025-02-05T18:54:40+00:00","description":"City Lab Bio Bio's work includes a range of documents and studies.","breadcrumb":{"@id":"https:\/\/citylabbiobio.cl\/en\/german-fuentes\/#breadcrumb"},"inLanguage":"en-US","potentialAction":[{"@type":"ReadAction","target":["https:\/\/citylabbiobio.cl\/en\/german-fuentes\/"]}]},{"@type":"ImageObject","inLanguage":"en-US","@id":"https:\/\/citylabbiobio.cl\/en\/german-fuentes\/#primaryimage","url":"https:\/\/d26q11cgz8q0ri.cloudfront.net\/2025\/02\/24214728\/Concepcion-scaled.jpg","contentUrl":"https:\/\/d26q11cgz8q0ri.cloudfront.net\/2025\/02\/24214728\/Concepcion-scaled.jpg","width":2560,"height":1440,"caption":"default"},{"@type":"BreadcrumbList","@id":"https:\/\/citylabbiobio.cl\/en\/german-fuentes\/#breadcrumb","itemListElement":[{"@type":"ListItem","position":1,"name":"Portada","item":"https:\/\/citylabbiobio.cl\/en\/"},{"@type":"ListItem","position":2,"name":"Germ\u00e1n Fuentes"}]},{"@type":"WebSite","@id":"https:\/\/citylabbiobio.cl\/#website","url":"https:\/\/citylabbiobio.cl\/","name":"City Lab B\u00edo B\u00edo","description":"Evolucionamos la ciudad","publisher":{"@id":"https:\/\/citylabbiobio.cl\/#organization"},"alternateName":"Laboratorio de ciudad","potentialAction":[{"@type":"SearchAction","target":{"@type":"EntryPoint","urlTemplate":"https:\/\/citylabbiobio.cl\/?s={search_term_string}"},"query-input":{"@type":"PropertyValueSpecification","valueRequired":true,"valueName":"search_term_string"}}],"inLanguage":"en-US"},{"@type":"Organization","@id":"https:\/\/citylabbiobio.cl\/#organization","name":"City Lab B\u00edo B\u00edo","alternateName":"Laboratorio de Ciudad Biob\u00edo","url":"https:\/\/citylabbiobio.cl\/","logo":{"@type":"ImageObject","inLanguage":"en-US","@id":"https:\/\/citylabbiobio.cl\/#\/schema\/logo\/image\/","url":"https:\/\/citylabbiobio.cl\/wp-content\/uploads\/2023\/05\/logo-cl-mit.png","contentUrl":"https:\/\/citylabbiobio.cl\/wp-content\/uploads\/2023\/05\/logo-cl-mit.png","width":290,"height":83,"caption":"City Lab B\u00edo B\u00edo"},"image":{"@id":"https:\/\/citylabbiobio.cl\/#\/schema\/logo\/image\/"},"sameAs":["https:\/\/www.youtube.com\/@CityLabBiobio","https:\/\/www.linkedin.com\/company\/citylabbiobio\/?originalSubdomain=cl","https:\/\/www.instagram.com\/citylabbiobio\/"]}]}},"_links":{"self":[{"href":"https:\/\/citylabbiobio.cl\/en\/wp-json\/wp\/v2\/pages\/2450","targetHints":{"allow":["GET"]}}],"collection":[{"href":"https:\/\/citylabbiobio.cl\/en\/wp-json\/wp\/v2\/pages"}],"about":[{"href":"https:\/\/citylabbiobio.cl\/en\/wp-json\/wp\/v2\/types\/page"}],"author":[{"embeddable":true,"href":"https:\/\/citylabbiobio.cl\/en\/wp-json\/wp\/v2\/users\/5"}],"replies":[{"embeddable":true,"href":"https:\/\/citylabbiobio.cl\/en\/wp-json\/wp\/v2\/comments?post=2450"}],"version-history":[{"count":2,"href":"https:\/\/citylabbiobio.cl\/en\/wp-json\/wp\/v2\/pages\/2450\/revisions"}],"predecessor-version":[{"id":2452,"href":"https:\/\/citylabbiobio.cl\/en\/wp-json\/wp\/v2\/pages\/2450\/revisions\/2452"}],"wp:featuredmedia":[{"embeddable":true,"href":"https:\/\/citylabbiobio.cl\/en\/wp-json\/wp\/v2\/media\/2350"}],"wp:attachment":[{"href":"https:\/\/citylabbiobio.cl\/en\/wp-json\/wp\/v2\/media?parent=2450"}],"curies":[{"name":"wp","href":"https:\/\/api.w.org\/{rel}","templated":true}]}}