{"id":2456,"date":"2025-02-05T16:16:07","date_gmt":"2025-02-05T20:16:07","guid":{"rendered":"https:\/\/citylabbiobio.cl\/?page_id=2456"},"modified":"2025-02-05T16:16:11","modified_gmt":"2025-02-05T20:16:11","slug":"juan-eduardo-garcia-huidobro","status":"publish","type":"page","link":"https:\/\/citylabbiobio.cl\/en\/juan-eduardo-garcia-huidobro\/","title":{"rendered":"Juan Eduardo Garc\u00eda &#8211; Huidobro"},"content":{"rendered":"<p><div class=\"fusion-fullwidth fullwidth-box fusion-builder-row-1 fusion-flex-container has-pattern-background has-mask-background nonhundred-percent-fullwidth non-hundred-percent-height-scrolling\" style=\"--awb-border-radius-top-left:0px;--awb-border-radius-top-right:0px;--awb-border-radius-bottom-right:0px;--awb-border-radius-bottom-left:0px;--awb-padding-top:44px;--awb-flex-wrap:wrap;\" ><div class=\"fusion-builder-row fusion-row fusion-flex-align-items-flex-start fusion-flex-content-wrap\" style=\"max-width:1248px;margin-left: calc(-4% \/ 2 );margin-right: calc(-4% \/ 2 );\"><div class=\"fusion-layout-column fusion_builder_column fusion-builder-column-0 fusion_builder_column_1_1 1_1 fusion-flex-column\" style=\"--awb-bg-size:cover;--awb-width-large:100%;--awb-margin-top-large:0px;--awb-spacing-right-large:1.92%;--awb-margin-bottom-large:20px;--awb-spacing-left-large:1.92%;--awb-width-medium:100%;--awb-order-medium:0;--awb-spacing-right-medium:1.92%;--awb-spacing-left-medium:1.92%;--awb-width-small:100%;--awb-order-small:0;--awb-spacing-right-small:1.92%;--awb-spacing-left-small:1.92%;\"><div class=\"fusion-column-wrapper fusion-column-has-shadow fusion-flex-justify-content-flex-start fusion-content-layout-column\"><div class=\"fusion-image-element \" style=\"text-align:center;--awb-margin-left-small:30px;--awb-max-width:180px;--awb-caption-title-font-family:var(--h2_typography-font-family);--awb-caption-title-font-weight:var(--h2_typography-font-weight);--awb-caption-title-font-style:var(--h2_typography-font-style);--awb-caption-title-size:var(--h2_typography-font-size);--awb-caption-title-transform:var(--h2_typography-text-transform);--awb-caption-title-line-height:var(--h2_typography-line-height);--awb-caption-title-letter-spacing:var(--h2_typography-letter-spacing);\"><span class=\" fusion-imageframe imageframe-none imageframe-1 hover-type-none\"><img decoding=\"async\" width=\"306\" height=\"76\" title=\"logo-citylab-gris\" src=\"https:\/\/citylabbiobio.cl\/wp-content\/uploads\/2024\/09\/logo-citylab-gris.svg\" alt class=\"img-responsive wp-image-2144\"\/><\/span><\/div><\/div><\/div><\/div><\/div><div class=\"fusion-fullwidth fullwidth-box fusion-builder-row-2 fusion-flex-container has-pattern-background has-mask-background nonhundred-percent-fullwidth non-hundred-percent-height-scrolling\" style=\"--awb-border-radius-top-left:0px;--awb-border-radius-top-right:0px;--awb-border-radius-bottom-right:0px;--awb-border-radius-bottom-left:0px;--awb-flex-wrap:wrap;\" ><div class=\"fusion-builder-row fusion-row fusion-flex-align-items-flex-start fusion-flex-content-wrap\" style=\"max-width:1248px;margin-left: calc(-4% \/ 2 );margin-right: calc(-4% \/ 2 );\"><div class=\"fusion-layout-column fusion_builder_column fusion-builder-column-1 fusion_builder_column_1_1 1_1 fusion-flex-column\" style=\"--awb-padding-top:18px;--awb-bg-size:cover;--awb-width-large:100%;--awb-margin-top-large:0px;--awb-spacing-right-large:1.92%;--awb-margin-bottom-large:20px;--awb-spacing-left-large:1.92%;--awb-width-medium:100%;--awb-order-medium:0;--awb-spacing-right-medium:1.92%;--awb-spacing-left-medium:1.92%;--awb-width-small:100%;--awb-order-small:0;--awb-spacing-right-small:1.92%;--awb-spacing-left-small:1.92%;\"><div class=\"fusion-column-wrapper fusion-column-has-shadow fusion-flex-justify-content-flex-start fusion-content-layout-column\"><div class=\"fusion-image-element \" style=\"text-align:center;--awb-margin-bottom-small:20px;--awb-max-width:150px;--awb-caption-title-font-family:var(--h2_typography-font-family);--awb-caption-title-font-weight:var(--h2_typography-font-weight);--awb-caption-title-font-style:var(--h2_typography-font-style);--awb-caption-title-size:var(--h2_typography-font-size);--awb-caption-title-transform:var(--h2_typography-text-transform);--awb-caption-title-line-height:var(--h2_typography-line-height);--awb-caption-title-letter-spacing:var(--h2_typography-letter-spacing);\"><span class=\" fusion-imageframe imageframe-none imageframe-2 hover-type-none\"><img decoding=\"async\" width=\"500\" height=\"500\" src=\"https:\/\/d26q11cgz8q0ri.cloudfront.net\/2024\/10\/21112418\/CityLab_FotosEquipo-2.png\" alt class=\"img-responsive wp-image-2155\" srcset=\"https:\/\/d26q11cgz8q0ri.cloudfront.net\/2024\/10\/21112418\/CityLab_FotosEquipo-2-200x200.png 200w, https:\/\/d26q11cgz8q0ri.cloudfront.net\/2024\/10\/21112418\/CityLab_FotosEquipo-2-400x400.png 400w, https:\/\/d26q11cgz8q0ri.cloudfront.net\/2024\/10\/21112418\/CityLab_FotosEquipo-2.png 500w\" sizes=\"(max-width: 640px) 100vw, 500px\" \/><\/span><\/div><div class=\"fusion-title title fusion-title-1 fusion-no-small-visibility fusion-no-medium-visibility fusion-sep-none fusion-title-center fusion-title-text fusion-title-size-one\" style=\"--awb-margin-bottom:10px;--awb-margin-top-small:10px;--awb-margin-right-small:0px;--awb-margin-bottom-small:10px;--awb-margin-left-small:0px;\"><h1 class=\"fusion-title-heading title-heading-center\" style=\"margin:0;\">Juan Eduardo Garc\u00eda &#8211; Huidobro<\/h1><\/div><div class=\"fusion-title title fusion-title-2 fusion-no-small-visibility fusion-no-medium-visibility fusion-sep-none fusion-title-center fusion-title-text fusion-title-size-three\" style=\"--awb-margin-top-small:10px;--awb-margin-right-small:0px;--awb-margin-bottom-small:10px;--awb-margin-left-small:0px;\"><h3 class=\"fusion-title-heading title-heading-center\" style=\"margin:0;\"><div style=\"text-align: center;\"><span style=\"color: var(--awb-text-color); font-family: var(--h3_typography-font-family); font-size: 1em; font-style: var(--h3_typography-font-style,normal); font-weight: var(--h3_typography-font-weight); letter-spacing: var(--h3_typography-letter-spacing); text-transform: var(--h3_typography-text-transform); background-color: var(--awb-bg-color);\">Communications Director<\/span><\/div><\/h3><\/div><div class=\"fusion-title title fusion-title-3 fusion-no-medium-visibility fusion-no-large-visibility fusion-sep-none fusion-title-text fusion-title-size-two\" style=\"--awb-text-color:var(--awb-color7);--awb-margin-top-small:10px;--awb-margin-right-small:0px;--awb-margin-bottom-small:10px;--awb-margin-left-small:0px;\"><h2 class=\"fusion-title-heading title-heading-left sm-text-align-center\" style=\"margin:0;\"><span style=\"color: var(--awb-text-color); font-family: var(--h2_typography-font-family); font-style: var(--h2_typography-font-style,normal); font-weight: var(--h2_typography-font-weight); text-align: left; text-transform: var(--h2_typography-text-transform); background-color: var(--awb-bg-color-small-hover);\"><span style=\"font-size: 48px; letter-spacing: -0.72px;\">Juan Eduardo<br \/><\/span><\/span><\/p>\n<p><span style=\"color: var(--awb-text-color); font-family: var(--h2_typography-font-family); font-style: var(--h2_typography-font-style,normal); font-weight: var(--h2_typography-font-weight); text-align: left; text-transform: var(--h2_typography-text-transform); background-color: var(--awb-bg-color-small-hover);\"><span style=\"font-size: 48px; letter-spacing: -0.72px;\">Garc\u00eda &#8211; Huidobro<\/span><\/span><\/p>\n<p><span style=\"font-family: var(--h2_typography-font-family); font-style: var(--h2_typography-font-style,normal); font-weight: var(--h2_typography-font-weight); letter-spacing: var(--h2_typography-letter-spacing); text-align: left; text-transform: var(--h2_typography-text-transform); background-color: var(--awb-bg-color-small-hover); font-size: 20px; color: var(--awb-color4);\" data-fusion-font=\"true\">Communications Director<\/span><\/h2><\/div><\/div><\/div><\/div><\/div><div class=\"fusion-fullwidth fullwidth-box fusion-builder-row-3 fusion-flex-container has-pattern-background has-mask-background nonhundred-percent-fullwidth non-hundred-percent-height-scrolling\" style=\"--awb-border-radius-top-left:0px;--awb-border-radius-top-right:0px;--awb-border-radius-bottom-right:0px;--awb-border-radius-bottom-left:0px;--awb-padding-bottom-small:0px;--awb-margin-bottom-small:0px;--awb-background-color-small:var(--awb-color1);--awb-flex-wrap:wrap;\" ><div class=\"fusion-builder-row fusion-row fusion-flex-align-items-flex-start fusion-flex-content-wrap\" style=\"max-width:1248px;margin-left: calc(-4% \/ 2 );margin-right: calc(-4% \/ 2 );\"><div class=\"fusion-layout-column fusion_builder_column fusion-builder-column-2 fusion_builder_column_1_1 1_1 fusion-flex-column\" style=\"--awb-bg-size:cover;--awb-width-large:100%;--awb-margin-top-large:0px;--awb-spacing-right-large:1.92%;--awb-margin-bottom-large:20px;--awb-spacing-left-large:1.92%;--awb-width-medium:100%;--awb-order-medium:0;--awb-spacing-right-medium:1.92%;--awb-spacing-left-medium:1.92%;--awb-width-small:100%;--awb-order-small:0;--awb-spacing-right-small:1.92%;--awb-spacing-left-small:1.92%;\"><div class=\"fusion-column-wrapper fusion-column-has-shadow fusion-flex-justify-content-flex-start fusion-content-layout-column\"><div class=\"fusion-separator fusion-no-medium-visibility fusion-no-large-visibility\" style=\"align-self: center;margin-left: auto;margin-right: auto;flex-grow:1;width:100%;max-width:30px;\"><div class=\"fusion-separator-border sep-single sep-dotted\" style=\"--awb-height:20px;--awb-amount:20px;--awb-sep-color:var(--awb-color4);border-color:var(--awb-color4);border-top-width:4px;\"><\/div><\/div><div class=\"fusion-social-links fusion-social-links-1 fusion-no-medium-visibility\" style=\"--awb-margin-top:0px;--awb-margin-right:0px;--awb-margin-bottom:0px;--awb-margin-left:0px;--awb-margin-top-small:20px;--awb-margin-bottom-small:20px;--awb-alignment:center;--awb-box-border-top:0px;--awb-box-border-right:0px;--awb-box-border-bottom:0px;--awb-box-border-left:0px;--awb-icon-colors-hover:var(--awb-color4);--awb-box-colors-hover:var(--awb-color1);--awb-box-border-color:var(--awb-color3);--awb-box-border-color-hover:var(--awb-color4);--awb-alignment-small:center;\"><div class=\"fusion-social-networks boxed-icons color-type-custom\"><div class=\"fusion-social-networks-wrapper\"><a class=\"fusion-social-network-icon fusion-tooltip fusion-linkedin fa-linkedin-in fab\" style=\"color:var(--awb-color4);font-size:16px;width:16px;background-color:var(--awb-color7);border-color:var(--awb-color7);border-radius:4px;\" data-placement=\"top\" data-title=\"LinkedIn\" data-toggle=\"tooltip\" title=\"LinkedIn\" aria-label=\"linkedin\" target=\"_blank\" rel=\"noopener noreferrer\" href=\"https:\/\/www.linkedin.com\/in\/juan-eduardo-garc%C3%ADa-huidobro-torres-5912b288\/\"><\/a><a class=\"fusion-social-network-icon fusion-tooltip fusion-instagram awb-icon-instagram\" style=\"color:var(--awb-color4);font-size:16px;width:16px;background-color:var(--awb-color7);border-color:var(--awb-color7);border-radius:4px;\" data-placement=\"top\" data-title=\"Instagram\" data-toggle=\"tooltip\" title=\"Instagram\" aria-label=\"instagram\" target=\"_blank\" rel=\"noopener noreferrer\" href=\"https:\/\/www.instagram.com\/citylabbiobio\/\"><\/a><a class=\"fusion-social-network-icon fusion-tooltip fusion-mail awb-icon-mail\" style=\"color:var(--awb-color4);font-size:16px;width:16px;background-color:var(--awb-color7);border-color:var(--awb-color7);border-radius:4px;\" data-placement=\"top\" data-title=\"Email\" data-toggle=\"tooltip\" title=\"Email\" aria-label=\"mail\" target=\"_blank\" rel=\"noopener noreferrer\" href=\"mailto:c&#111;&#110;&#116;act&#111;&#064;co&#114;p&#111;&#114;acionc&#105;&#117;&#100;ad&#101;&#115;&#046;&#099;l\"><\/a><\/div><\/div><\/div><div class=\"fusion-text fusion-text-1\" style=\"--awb-margin-top:20px;--awb-margin-right:30px;--awb-margin-left:30px;\"><p style=\"text-align: left;\">Graphic Designer with a specialization in Design Project Management from the Universidad de Buenos Aires and a Diploma in Communication and Cultural Management from the Universidad de Chile. His experience includes developing, planning, and directing communication strategies for promoting plans and programs in the fields of infrastructure, climate change, and heritage. His previous roles include head of Communications for the General Directorate of Public Works and director of tourism infrastructure design projects at GEQ and EY.<\/p>\n<\/div><\/div><\/div><\/div><\/div><\/p>\n","protected":false},"excerpt":{"rendered":"","protected":false},"author":5,"featured_media":2350,"parent":0,"menu_order":0,"comment_status":"closed","ping_status":"closed","template":"blank.php","meta":{"footnotes":""},"class_list":["post-2456","page","type-page","status-publish","has-post-thumbnail","hentry"],"yoast_head":"<!-- This site is optimized with the Yoast SEO plugin v27.3 - https:\/\/yoast.com\/product\/yoast-seo-wordpress\/ -->\n<title>Juan Eduardo Garc\u00eda - Huidobro - City Lab Biob\u00edo - evolucionamos la ciudad<\/title>\n<meta name=\"description\" content=\"City Lab Bio Bio&#039;s work includes a range of documents and studies.\" \/>\n<meta name=\"robots\" content=\"index, follow, max-snippet:-1, max-image-preview:large, max-video-preview:-1\" \/>\n<link rel=\"canonical\" href=\"https:\/\/citylabbiobio.cl\/en\/juan-eduardo-garcia-huidobro\/\" \/>\n<meta property=\"og:locale\" content=\"en_US\" \/>\n<meta property=\"og:type\" content=\"article\" \/>\n<meta property=\"og:title\" content=\"Juan Eduardo Garc\u00eda - Huidobro - City Lab Biob\u00edo - evolucionamos la ciudad\" \/>\n<meta property=\"og:description\" content=\"City Lab Bio Bio&#039;s work includes a range of documents and studies.\" \/>\n<meta property=\"og:url\" content=\"https:\/\/citylabbiobio.cl\/en\/juan-eduardo-garcia-huidobro\/\" \/>\n<meta property=\"og:site_name\" content=\"City Lab Biob\u00edo - evolucionamos la ciudad\" \/>\n<meta property=\"article:modified_time\" content=\"2025-02-05T20:16:11+00:00\" \/>\n<meta property=\"og:image\" content=\"https:\/\/citylabbiobio.cl\/wp-content\/uploads\/2025\/02\/Concepcion-scaled.jpg\" \/>\n\t<meta property=\"og:image:width\" content=\"2560\" \/>\n\t<meta property=\"og:image:height\" content=\"1440\" \/>\n\t<meta property=\"og:image:type\" content=\"image\/jpeg\" \/>\n<meta name=\"twitter:card\" content=\"summary_large_image\" \/>\n<meta name=\"twitter:label1\" content=\"Est. reading time\" \/>\n\t<meta name=\"twitter:data1\" content=\"12 minutes\" \/>\n<script type=\"application\/ld+json\" class=\"yoast-schema-graph\">{\"@context\":\"https:\\\/\\\/schema.org\",\"@graph\":[{\"@type\":\"WebPage\",\"@id\":\"https:\\\/\\\/citylabbiobio.cl\\\/en\\\/juan-eduardo-garcia-huidobro\\\/\",\"url\":\"https:\\\/\\\/citylabbiobio.cl\\\/en\\\/juan-eduardo-garcia-huidobro\\\/\",\"name\":\"Juan Eduardo Garc\u00eda - Huidobro - City Lab Biob\u00edo - evolucionamos la ciudad\",\"isPartOf\":{\"@id\":\"https:\\\/\\\/citylabbiobio.cl\\\/#website\"},\"primaryImageOfPage\":{\"@id\":\"https:\\\/\\\/citylabbiobio.cl\\\/en\\\/juan-eduardo-garcia-huidobro\\\/#primaryimage\"},\"image\":{\"@id\":\"https:\\\/\\\/citylabbiobio.cl\\\/en\\\/juan-eduardo-garcia-huidobro\\\/#primaryimage\"},\"thumbnailUrl\":\"https:\\\/\\\/d26q11cgz8q0ri.cloudfront.net\\\/2025\\\/02\\\/24214728\\\/Concepcion-scaled.jpg\",\"datePublished\":\"2025-02-05T20:16:07+00:00\",\"dateModified\":\"2025-02-05T20:16:11+00:00\",\"description\":\"City Lab Bio Bio's work includes a range of documents and studies.\",\"breadcrumb\":{\"@id\":\"https:\\\/\\\/citylabbiobio.cl\\\/en\\\/juan-eduardo-garcia-huidobro\\\/#breadcrumb\"},\"inLanguage\":\"en-US\",\"potentialAction\":[{\"@type\":\"ReadAction\",\"target\":[\"https:\\\/\\\/citylabbiobio.cl\\\/en\\\/juan-eduardo-garcia-huidobro\\\/\"]}]},{\"@type\":\"ImageObject\",\"inLanguage\":\"en-US\",\"@id\":\"https:\\\/\\\/citylabbiobio.cl\\\/en\\\/juan-eduardo-garcia-huidobro\\\/#primaryimage\",\"url\":\"https:\\\/\\\/d26q11cgz8q0ri.cloudfront.net\\\/2025\\\/02\\\/24214728\\\/Concepcion-scaled.jpg\",\"contentUrl\":\"https:\\\/\\\/d26q11cgz8q0ri.cloudfront.net\\\/2025\\\/02\\\/24214728\\\/Concepcion-scaled.jpg\",\"width\":2560,\"height\":1440,\"caption\":\"default\"},{\"@type\":\"BreadcrumbList\",\"@id\":\"https:\\\/\\\/citylabbiobio.cl\\\/en\\\/juan-eduardo-garcia-huidobro\\\/#breadcrumb\",\"itemListElement\":[{\"@type\":\"ListItem\",\"position\":1,\"name\":\"Portada\",\"item\":\"https:\\\/\\\/citylabbiobio.cl\\\/en\\\/\"},{\"@type\":\"ListItem\",\"position\":2,\"name\":\"Juan Eduardo Garc\u00eda &#8211; Huidobro\"}]},{\"@type\":\"WebSite\",\"@id\":\"https:\\\/\\\/citylabbiobio.cl\\\/#website\",\"url\":\"https:\\\/\\\/citylabbiobio.cl\\\/\",\"name\":\"City Lab B\u00edo B\u00edo\",\"description\":\"Evolucionamos la ciudad\",\"publisher\":{\"@id\":\"https:\\\/\\\/citylabbiobio.cl\\\/#organization\"},\"alternateName\":\"Laboratorio de ciudad\",\"potentialAction\":[{\"@type\":\"SearchAction\",\"target\":{\"@type\":\"EntryPoint\",\"urlTemplate\":\"https:\\\/\\\/citylabbiobio.cl\\\/?s={search_term_string}\"},\"query-input\":{\"@type\":\"PropertyValueSpecification\",\"valueRequired\":true,\"valueName\":\"search_term_string\"}}],\"inLanguage\":\"en-US\"},{\"@type\":\"Organization\",\"@id\":\"https:\\\/\\\/citylabbiobio.cl\\\/#organization\",\"name\":\"City Lab B\u00edo B\u00edo\",\"alternateName\":\"Laboratorio de Ciudad Biob\u00edo\",\"url\":\"https:\\\/\\\/citylabbiobio.cl\\\/\",\"logo\":{\"@type\":\"ImageObject\",\"inLanguage\":\"en-US\",\"@id\":\"https:\\\/\\\/citylabbiobio.cl\\\/#\\\/schema\\\/logo\\\/image\\\/\",\"url\":\"https:\\\/\\\/citylabbiobio.cl\\\/wp-content\\\/uploads\\\/2023\\\/05\\\/logo-cl-mit.png\",\"contentUrl\":\"https:\\\/\\\/citylabbiobio.cl\\\/wp-content\\\/uploads\\\/2023\\\/05\\\/logo-cl-mit.png\",\"width\":290,\"height\":83,\"caption\":\"City Lab B\u00edo B\u00edo\"},\"image\":{\"@id\":\"https:\\\/\\\/citylabbiobio.cl\\\/#\\\/schema\\\/logo\\\/image\\\/\"},\"sameAs\":[\"https:\\\/\\\/www.youtube.com\\\/@CityLabBiobio\",\"https:\\\/\\\/www.linkedin.com\\\/company\\\/citylabbiobio\\\/?originalSubdomain=cl\",\"https:\\\/\\\/www.instagram.com\\\/citylabbiobio\\\/\"]}]}<\/script>\n<!-- \/ Yoast SEO plugin. -->","yoast_head_json":{"title":"Juan Eduardo Garc\u00eda - Huidobro - City Lab Biob\u00edo - evolucionamos la ciudad","description":"City Lab Bio Bio's work includes a range of documents and studies.","robots":{"index":"index","follow":"follow","max-snippet":"max-snippet:-1","max-image-preview":"max-image-preview:large","max-video-preview":"max-video-preview:-1"},"canonical":"https:\/\/citylabbiobio.cl\/en\/juan-eduardo-garcia-huidobro\/","og_locale":"en_US","og_type":"article","og_title":"Juan Eduardo Garc\u00eda - Huidobro - City Lab Biob\u00edo - evolucionamos la ciudad","og_description":"City Lab Bio Bio's work includes a range of documents and studies.","og_url":"https:\/\/citylabbiobio.cl\/en\/juan-eduardo-garcia-huidobro\/","og_site_name":"City Lab Biob\u00edo - evolucionamos la ciudad","article_modified_time":"2025-02-05T20:16:11+00:00","og_image":[{"width":2560,"height":1440,"url":"https:\/\/citylabbiobio.cl\/wp-content\/uploads\/2025\/02\/Concepcion-scaled.jpg","type":"image\/jpeg"}],"twitter_card":"summary_large_image","twitter_misc":{"Est. reading time":"12 minutes"},"schema":{"@context":"https:\/\/schema.org","@graph":[{"@type":"WebPage","@id":"https:\/\/citylabbiobio.cl\/en\/juan-eduardo-garcia-huidobro\/","url":"https:\/\/citylabbiobio.cl\/en\/juan-eduardo-garcia-huidobro\/","name":"Juan Eduardo Garc\u00eda - Huidobro - City Lab Biob\u00edo - evolucionamos la ciudad","isPartOf":{"@id":"https:\/\/citylabbiobio.cl\/#website"},"primaryImageOfPage":{"@id":"https:\/\/citylabbiobio.cl\/en\/juan-eduardo-garcia-huidobro\/#primaryimage"},"image":{"@id":"https:\/\/citylabbiobio.cl\/en\/juan-eduardo-garcia-huidobro\/#primaryimage"},"thumbnailUrl":"https:\/\/d26q11cgz8q0ri.cloudfront.net\/2025\/02\/24214728\/Concepcion-scaled.jpg","datePublished":"2025-02-05T20:16:07+00:00","dateModified":"2025-02-05T20:16:11+00:00","description":"City Lab Bio Bio's work includes a range of documents and studies.","breadcrumb":{"@id":"https:\/\/citylabbiobio.cl\/en\/juan-eduardo-garcia-huidobro\/#breadcrumb"},"inLanguage":"en-US","potentialAction":[{"@type":"ReadAction","target":["https:\/\/citylabbiobio.cl\/en\/juan-eduardo-garcia-huidobro\/"]}]},{"@type":"ImageObject","inLanguage":"en-US","@id":"https:\/\/citylabbiobio.cl\/en\/juan-eduardo-garcia-huidobro\/#primaryimage","url":"https:\/\/d26q11cgz8q0ri.cloudfront.net\/2025\/02\/24214728\/Concepcion-scaled.jpg","contentUrl":"https:\/\/d26q11cgz8q0ri.cloudfront.net\/2025\/02\/24214728\/Concepcion-scaled.jpg","width":2560,"height":1440,"caption":"default"},{"@type":"BreadcrumbList","@id":"https:\/\/citylabbiobio.cl\/en\/juan-eduardo-garcia-huidobro\/#breadcrumb","itemListElement":[{"@type":"ListItem","position":1,"name":"Portada","item":"https:\/\/citylabbiobio.cl\/en\/"},{"@type":"ListItem","position":2,"name":"Juan Eduardo Garc\u00eda &#8211; Huidobro"}]},{"@type":"WebSite","@id":"https:\/\/citylabbiobio.cl\/#website","url":"https:\/\/citylabbiobio.cl\/","name":"City Lab B\u00edo B\u00edo","description":"Evolucionamos la ciudad","publisher":{"@id":"https:\/\/citylabbiobio.cl\/#organization"},"alternateName":"Laboratorio de ciudad","potentialAction":[{"@type":"SearchAction","target":{"@type":"EntryPoint","urlTemplate":"https:\/\/citylabbiobio.cl\/?s={search_term_string}"},"query-input":{"@type":"PropertyValueSpecification","valueRequired":true,"valueName":"search_term_string"}}],"inLanguage":"en-US"},{"@type":"Organization","@id":"https:\/\/citylabbiobio.cl\/#organization","name":"City Lab B\u00edo B\u00edo","alternateName":"Laboratorio de Ciudad Biob\u00edo","url":"https:\/\/citylabbiobio.cl\/","logo":{"@type":"ImageObject","inLanguage":"en-US","@id":"https:\/\/citylabbiobio.cl\/#\/schema\/logo\/image\/","url":"https:\/\/citylabbiobio.cl\/wp-content\/uploads\/2023\/05\/logo-cl-mit.png","contentUrl":"https:\/\/citylabbiobio.cl\/wp-content\/uploads\/2023\/05\/logo-cl-mit.png","width":290,"height":83,"caption":"City Lab B\u00edo B\u00edo"},"image":{"@id":"https:\/\/citylabbiobio.cl\/#\/schema\/logo\/image\/"},"sameAs":["https:\/\/www.youtube.com\/@CityLabBiobio","https:\/\/www.linkedin.com\/company\/citylabbiobio\/?originalSubdomain=cl","https:\/\/www.instagram.com\/citylabbiobio\/"]}]}},"_links":{"self":[{"href":"https:\/\/citylabbiobio.cl\/en\/wp-json\/wp\/v2\/pages\/2456","targetHints":{"allow":["GET"]}}],"collection":[{"href":"https:\/\/citylabbiobio.cl\/en\/wp-json\/wp\/v2\/pages"}],"about":[{"href":"https:\/\/citylabbiobio.cl\/en\/wp-json\/wp\/v2\/types\/page"}],"author":[{"embeddable":true,"href":"https:\/\/citylabbiobio.cl\/en\/wp-json\/wp\/v2\/users\/5"}],"replies":[{"embeddable":true,"href":"https:\/\/citylabbiobio.cl\/en\/wp-json\/wp\/v2\/comments?post=2456"}],"version-history":[{"count":2,"href":"https:\/\/citylabbiobio.cl\/en\/wp-json\/wp\/v2\/pages\/2456\/revisions"}],"predecessor-version":[{"id":2458,"href":"https:\/\/citylabbiobio.cl\/en\/wp-json\/wp\/v2\/pages\/2456\/revisions\/2458"}],"wp:featuredmedia":[{"embeddable":true,"href":"https:\/\/citylabbiobio.cl\/en\/wp-json\/wp\/v2\/media\/2350"}],"wp:attachment":[{"href":"https:\/\/citylabbiobio.cl\/en\/wp-json\/wp\/v2\/media?parent=2456"}],"curies":[{"name":"wp","href":"https:\/\/api.w.org\/{rel}","templated":true}]}}