{"id":2471,"date":"2023-05-18T11:46:40","date_gmt":"2023-05-18T15:46:40","guid":{"rendered":"https:\/\/citylabbiobio.cl\/mit-city-science-network\/"},"modified":"2025-02-05T15:06:15","modified_gmt":"2025-02-05T19:06:15","slug":"mit-city-science-network","status":"publish","type":"page","link":"https:\/\/citylabbiobio.cl\/en\/mit-city-science-network\/","title":{"rendered":"MIT City Science Network"},"content":{"rendered":"<div class=\"fusion-fullwidth fullwidth-box fusion-builder-row-1 fusion-flex-container has-pattern-background has-mask-background nonhundred-percent-fullwidth non-hundred-percent-height-scrolling\" style=\"--awb-border-radius-top-left:0px;--awb-border-radius-top-right:0px;--awb-border-radius-bottom-right:0px;--awb-border-radius-bottom-left:0px;--awb-margin-bottom:0px;--awb-flex-wrap:wrap;\" ><div class=\"fusion-builder-row fusion-row fusion-flex-align-items-flex-start fusion-flex-content-wrap\" style=\"max-width:1248px;margin-left: calc(-4% \/ 2 );margin-right: calc(-4% \/ 2 );\"><div class=\"fusion-layout-column fusion_builder_column fusion-builder-column-0 fusion_builder_column_1_1 1_1 fusion-flex-column\" style=\"--awb-bg-size:cover;--awb-width-large:100%;--awb-margin-top-large:0px;--awb-spacing-right-large:1.92%;--awb-margin-bottom-large:0px;--awb-spacing-left-large:1.92%;--awb-width-medium:100%;--awb-order-medium:0;--awb-spacing-right-medium:1.92%;--awb-spacing-left-medium:1.92%;--awb-width-small:100%;--awb-order-small:0;--awb-spacing-right-small:1.92%;--awb-spacing-left-small:1.92%;\" data-scroll-devices=\"small-visibility,medium-visibility,large-visibility\"><div class=\"fusion-column-wrapper fusion-column-has-shadow fusion-flex-justify-content-flex-start fusion-content-layout-column\">\n<div class=\"fusion-slider-revolution rev_slider_wrapper\">\t\t\t<!-- START citylab mapa REVOLUTION SLIDER 6.7.41 --><p class=\"rs-p-wp-fix\"><\/p>\n\t\t\t<rs-module-wrap id=\"rev_slider_1_1_wrapper\" data-source=\"gallery\" style=\"visibility:hidden;background:transparent;padding:0;margin:0px auto;margin-top:0;margin-bottom:0;\">\n\t\t\t\t<rs-module id=\"rev_slider_1_1\" style=\"\" data-version=\"6.7.41\">\n\t\t\t\t\t<rs-slides style=\"overflow: hidden; position: absolute;\">\n\t\t\t\t\t\t<rs-slide style=\"position: absolute;\" data-key=\"rs-1\" data-title=\"Slide\" data-in=\"o:0;\" data-out=\"a:false;\">\n\t\t\t\t\t\t\t<img decoding=\"async\" src=\"\/\/citylabbiobio.cl\/wp-content\/plugins\/revslider\/sr6\/assets\/assets\/dummy.png\" alt=\"Slide\" class=\"rev-slidebg tp-rs-img rs-lazyload\" data-lazyload=\"\/\/citylabbiobio.cl\/wp-content\/plugins\/revslider\/sr6\/assets\/assets\/transparent.png\" data-bg=\"c:#3c3a3c;\" data-no-retina>\n<!--\n\t\t\t\t\t\t\t--><a\n\t\t\t\t\t\t\t\tid=\"slider-1-slide-1-layer-0\" \n\t\t\t\t\t\t\t\tclass=\"rs-layer\"\n\t\t\t\t\t\t\t\thref=\"https:\/\/www.media.mit.edu\/projects\/city-science-guadalajara\/overview\/\" target=\"_blank\" rel=\"noopener\"\n\t\t\t\t\t\t\t\tdata-type=\"shape\"\n\t\t\t\t\t\t\t\tdata-rsp_ch=\"on\"\n\t\t\t\t\t\t\t\tdata-xy=\"x:203px;y:497px;\"\n\t\t\t\t\t\t\t\tdata-text=\"w:normal;\"\n\t\t\t\t\t\t\t\tdata-dim=\"w:11px;h:11;\"\n\t\t\t\t\t\t\t\tdata-border=\"bor:50%,50%,50%,50%;\"\n\t\t\t\t\t\t\t\tdata-frame_999=\"o:0;st:w;sR:8700;\"\n\t\t\t\t\t\t\t\tstyle=\"z-index:13;background-color:#ffcb05;\"\n\t\t\t\t\t\t\t> \n\t\t\t\t\t\t\t<\/a><!--\n\n\t\t\t\t\t\t\t--><a\n\t\t\t\t\t\t\t\tid=\"slider-1-slide-1-layer-4\" \n\t\t\t\t\t\t\t\tclass=\"rs-layer\"\n\t\t\t\t\t\t\t\thref=\"https:\/\/www.media.mit.edu\/projects\/city-science-lab-toronto\/overview\/\" target=\"_blank\" rel=\"noopener\"\n\t\t\t\t\t\t\t\tdata-type=\"shape\"\n\t\t\t\t\t\t\t\tdata-rsp_ch=\"on\"\n\t\t\t\t\t\t\t\tdata-xy=\"x:293px;y:406px;\"\n\t\t\t\t\t\t\t\tdata-text=\"w:normal;\"\n\t\t\t\t\t\t\t\tdata-dim=\"w:11px;h:11;\"\n\t\t\t\t\t\t\t\tdata-border=\"bor:50%,50%,50%,50%;\"\n\t\t\t\t\t\t\t\tdata-frame_999=\"o:0;st:w;sR:8700;\"\n\t\t\t\t\t\t\t\tstyle=\"z-index:12;background-color:#ffcb05;\"\n\t\t\t\t\t\t\t> \n\t\t\t\t\t\t\t<\/a><!--\n\n\t\t\t\t\t\t\t--><a\n\t\t\t\t\t\t\t\tid=\"slider-1-slide-1-layer-6\" \n\t\t\t\t\t\t\t\tclass=\"rs-layer\"\n\t\t\t\t\t\t\t\thref=\"https:\/\/www.hcu-hamburg.de\/en\/research\/csl\" target=\"_blank\" rel=\"noopener\"\n\t\t\t\t\t\t\t\tdata-type=\"shape\"\n\t\t\t\t\t\t\t\tdata-rsp_ch=\"on\"\n\t\t\t\t\t\t\t\tdata-xy=\"x:615px;y:371px;\"\n\t\t\t\t\t\t\t\tdata-text=\"w:normal;\"\n\t\t\t\t\t\t\t\tdata-dim=\"w:11px;h:11;\"\n\t\t\t\t\t\t\t\tdata-border=\"bor:50%,50%,50%,50%;\"\n\t\t\t\t\t\t\t\tdata-frame_999=\"o:0;st:w;sR:8700;\"\n\t\t\t\t\t\t\t\tstyle=\"z-index:11;background-color:#ffcb05;\"\n\t\t\t\t\t\t\t> \n\t\t\t\t\t\t\t<\/a><!--\n\n\t\t\t\t\t\t\t--><a\n\t\t\t\t\t\t\t\tid=\"slider-1-slide-1-layer-7\" \n\t\t\t\t\t\t\t\tclass=\"rs-layer\"\n\t\t\t\t\t\t\t\thref=\"https:\/\/www.media.mit.edu\/projects\/city-science-lab-san-sebastian\/overview\/\" target=\"_blank\" rel=\"noopener\"\n\t\t\t\t\t\t\t\tdata-type=\"shape\"\n\t\t\t\t\t\t\t\tdata-rsp_ch=\"on\"\n\t\t\t\t\t\t\t\tdata-xy=\"x:572px;y:414px;\"\n\t\t\t\t\t\t\t\tdata-text=\"w:normal;\"\n\t\t\t\t\t\t\t\tdata-dim=\"w:11px;h:11;\"\n\t\t\t\t\t\t\t\tdata-border=\"bor:50%,50%,50%,50%;\"\n\t\t\t\t\t\t\t\tdata-frame_999=\"o:0;st:w;sR:8700;\"\n\t\t\t\t\t\t\t\tstyle=\"z-index:10;background-color:#ffcb05;\"\n\t\t\t\t\t\t\t> \n\t\t\t\t\t\t\t<\/a><!--\n\n\t\t\t\t\t\t\t--><a\n\t\t\t\t\t\t\t\tid=\"slider-1-slide-1-layer-8\" \n\t\t\t\t\t\t\t\tclass=\"rs-layer\"\n\t\t\t\t\t\t\t\thref=\"https:\/\/www.media.mit.edu\/projects\/city-science-andorra\/overview\/\" target=\"_blank\" rel=\"noopener\"\n\t\t\t\t\t\t\t\tdata-type=\"shape\"\n\t\t\t\t\t\t\t\tdata-rsp_ch=\"on\"\n\t\t\t\t\t\t\t\tdata-xy=\"x:582px;y:436px;\"\n\t\t\t\t\t\t\t\tdata-text=\"w:normal;\"\n\t\t\t\t\t\t\t\tdata-dim=\"w:11px;h:11;\"\n\t\t\t\t\t\t\t\tdata-border=\"bor:50%,50%,50%,50%;\"\n\t\t\t\t\t\t\t\tdata-frame_999=\"o:0;st:w;sR:8700;\"\n\t\t\t\t\t\t\t\tstyle=\"z-index:9;background-color:#ffcb05;\"\n\t\t\t\t\t\t\t> \n\t\t\t\t\t\t\t<\/a><!--\n\n\t\t\t\t\t\t\t--><a\n\t\t\t\t\t\t\t\tid=\"slider-1-slide-1-layer-9\" \n\t\t\t\t\t\t\t\tclass=\"rs-layer\"\n\t\t\t\t\t\t\t\thref=\"https:\/\/www.media.mit.edu\/projects\/city-science-lab-shanghai\/overview\/\" target=\"_blank\" rel=\"noopener\"\n\t\t\t\t\t\t\t\tdata-type=\"shape\"\n\t\t\t\t\t\t\t\tdata-rsp_ch=\"on\"\n\t\t\t\t\t\t\t\tdata-xy=\"x:1031px;y:473px;\"\n\t\t\t\t\t\t\t\tdata-text=\"w:normal;\"\n\t\t\t\t\t\t\t\tdata-dim=\"w:11px;h:11;\"\n\t\t\t\t\t\t\t\tdata-border=\"bor:50%,50%,50%,50%;\"\n\t\t\t\t\t\t\t\tdata-frame_999=\"o:0;st:w;sR:8700;\"\n\t\t\t\t\t\t\t\tstyle=\"z-index:8;background-color:#ffcb05;\"\n\t\t\t\t\t\t\t> \n\t\t\t\t\t\t\t<\/a><!--\n\n\t\t\t\t\t\t\t--><a\n\t\t\t\t\t\t\t\tid=\"slider-1-slide-1-layer-10\" \n\t\t\t\t\t\t\t\tclass=\"rs-layer\"\n\t\t\t\t\t\t\t\thref=\"https:\/\/www.media.mit.edu\/articles\/citysciencelab-taipeitech\/\" target=\"_blank\" rel=\"noopener\"\n\t\t\t\t\t\t\t\tdata-type=\"shape\"\n\t\t\t\t\t\t\t\tdata-rsp_ch=\"on\"\n\t\t\t\t\t\t\t\tdata-xy=\"x:1031px;y:494px;\"\n\t\t\t\t\t\t\t\tdata-text=\"w:normal;\"\n\t\t\t\t\t\t\t\tdata-dim=\"w:11px;h:11;\"\n\t\t\t\t\t\t\t\tdata-border=\"bor:50%,50%,50%,50%;\"\n\t\t\t\t\t\t\t\tdata-frame_999=\"o:0;st:w;sR:8700;\"\n\t\t\t\t\t\t\t\tstyle=\"z-index:7;background-color:#ffcb05;\"\n\t\t\t\t\t\t\t> \n\t\t\t\t\t\t\t<\/a><!--\n\n\t\t\t\t\t\t\t--><rs-layer\n\t\t\t\t\t\t\t\tid=\"slider-1-slide-1-layer-11\" \n\t\t\t\t\t\t\t\tdata-type=\"image\"\n\t\t\t\t\t\t\t\tdata-rsp_ch=\"on\"\n\t\t\t\t\t\t\t\tdata-xy=\"x:c;y:c;\"\n\t\t\t\t\t\t\t\tdata-text=\"w:normal;\"\n\t\t\t\t\t\t\t\tdata-dim=\"w:1400px;h:802px;\"\n\t\t\t\t\t\t\t\tdata-frame_1=\"sp:160;\"\n\t\t\t\t\t\t\t\tdata-frame_999=\"o:0;st:w;sR:8840;\"\n\t\t\t\t\t\t\t\tstyle=\"z-index:6;\"\n\t\t\t\t\t\t\t><img decoding=\"async\" src=\"\/\/citylabbiobio.cl\/wp-content\/plugins\/revslider\/sr6\/assets\/assets\/dummy.png\" alt=\"\" class=\"tp-rs-img rs-lazyload\" width=\"1400\" height=\"802\" data-lazyload=\"\/\/d26q11cgz8q0ri.cloudfront.net\/2023\/07\/21115616\/mapa-5.png\" data-no-retina> \n\t\t\t\t\t\t\t<\/rs-layer><!--\n-->\t\t\t\t\t<\/rs-slide>\n\t\t\t\t\t<\/rs-slides>\n\t\t\t\t<\/rs-module>\n\t\t\t\t<script>\n\t\t\t\t\tsetREVStartSize({c: 'rev_slider_1_1',rl:[1240,1024,778,480],el:[900],gw:[1240],gh:[900],type:'standard',justify:'',layout:'fullwidth',mh:\"0\"});if (window.RS_MODULES!==undefined && window.RS_MODULES.modules!==undefined && window.RS_MODULES.modules[\"revslider11\"]!==undefined) {window.RS_MODULES.modules[\"revslider11\"].once = false;window.revapi1 = undefined;if (window.RS_MODULES.checkMinimal!==undefined) window.RS_MODULES.checkMinimal()}\n\t\t\t\t<\/script>\n\t\t\t<\/rs-module-wrap>\n\t\t\t<!-- END REVOLUTION SLIDER -->\n<\/div><\/div><\/div><\/div><\/div>\n","protected":false},"excerpt":{"rendered":"","protected":false},"author":3,"featured_media":1974,"parent":0,"menu_order":0,"comment_status":"closed","ping_status":"closed","template":"100-width.php","meta":{"footnotes":""},"class_list":["post-2471","page","type-page","status-publish","has-post-thumbnail","hentry"],"yoast_head":"<!-- This site is optimized with the Yoast SEO plugin v27.3 - https:\/\/yoast.com\/product\/yoast-seo-wordpress\/ -->\n<title>MIT City Science Network - City Lab Biob\u00edo - evolucionamos la ciudad<\/title>\n<meta name=\"robots\" content=\"index, follow, max-snippet:-1, max-image-preview:large, max-video-preview:-1\" \/>\n<link rel=\"canonical\" href=\"https:\/\/citylabbiobio.cl\/en\/mit-city-science-network\/\" \/>\n<meta property=\"og:locale\" content=\"en_US\" \/>\n<meta property=\"og:type\" content=\"article\" \/>\n<meta property=\"og:title\" content=\"MIT City Science Network - City Lab Biob\u00edo - evolucionamos la ciudad\" \/>\n<meta property=\"og:url\" content=\"https:\/\/citylabbiobio.cl\/en\/mit-city-science-network\/\" \/>\n<meta property=\"og:site_name\" content=\"City Lab Biob\u00edo - evolucionamos la ciudad\" \/>\n<meta property=\"article:modified_time\" content=\"2025-02-05T19:06:15+00:00\" \/>\n<meta property=\"og:image\" content=\"https:\/\/citylabbiobio.cl\/wp-content\/uploads\/2023\/05\/tit-5.jpg\" \/>\n\t<meta property=\"og:image:width\" content=\"1000\" \/>\n\t<meta property=\"og:image:height\" content=\"400\" \/>\n\t<meta property=\"og:image:type\" content=\"image\/jpeg\" \/>\n<meta name=\"twitter:card\" content=\"summary_large_image\" \/>\n<meta name=\"twitter:label1\" content=\"Est. reading time\" \/>\n\t<meta name=\"twitter:data1\" content=\"5 minutes\" \/>\n<script type=\"application\/ld+json\" class=\"yoast-schema-graph\">{\"@context\":\"https:\\\/\\\/schema.org\",\"@graph\":[{\"@type\":\"WebPage\",\"@id\":\"https:\\\/\\\/citylabbiobio.cl\\\/en\\\/mit-city-science-network\\\/\",\"url\":\"https:\\\/\\\/citylabbiobio.cl\\\/en\\\/mit-city-science-network\\\/\",\"name\":\"MIT City Science Network - City Lab Biob\u00edo - evolucionamos la ciudad\",\"isPartOf\":{\"@id\":\"https:\\\/\\\/citylabbiobio.cl\\\/#website\"},\"primaryImageOfPage\":{\"@id\":\"https:\\\/\\\/citylabbiobio.cl\\\/en\\\/mit-city-science-network\\\/#primaryimage\"},\"image\":{\"@id\":\"https:\\\/\\\/citylabbiobio.cl\\\/en\\\/mit-city-science-network\\\/#primaryimage\"},\"thumbnailUrl\":\"https:\\\/\\\/d26q11cgz8q0ri.cloudfront.net\\\/2023\\\/05\\\/21115728\\\/tit-5.jpg\",\"datePublished\":\"2023-05-18T15:46:40+00:00\",\"dateModified\":\"2025-02-05T19:06:15+00:00\",\"breadcrumb\":{\"@id\":\"https:\\\/\\\/citylabbiobio.cl\\\/en\\\/mit-city-science-network\\\/#breadcrumb\"},\"inLanguage\":\"en-US\",\"potentialAction\":[{\"@type\":\"ReadAction\",\"target\":[\"https:\\\/\\\/citylabbiobio.cl\\\/en\\\/mit-city-science-network\\\/\"]}]},{\"@type\":\"ImageObject\",\"inLanguage\":\"en-US\",\"@id\":\"https:\\\/\\\/citylabbiobio.cl\\\/en\\\/mit-city-science-network\\\/#primaryimage\",\"url\":\"https:\\\/\\\/d26q11cgz8q0ri.cloudfront.net\\\/2023\\\/05\\\/21115728\\\/tit-5.jpg\",\"contentUrl\":\"https:\\\/\\\/d26q11cgz8q0ri.cloudfront.net\\\/2023\\\/05\\\/21115728\\\/tit-5.jpg\",\"width\":1000,\"height\":400},{\"@type\":\"BreadcrumbList\",\"@id\":\"https:\\\/\\\/citylabbiobio.cl\\\/en\\\/mit-city-science-network\\\/#breadcrumb\",\"itemListElement\":[{\"@type\":\"ListItem\",\"position\":1,\"name\":\"Portada\",\"item\":\"https:\\\/\\\/citylabbiobio.cl\\\/en\\\/\"},{\"@type\":\"ListItem\",\"position\":2,\"name\":\"MIT City Science Network\"}]},{\"@type\":\"WebSite\",\"@id\":\"https:\\\/\\\/citylabbiobio.cl\\\/#website\",\"url\":\"https:\\\/\\\/citylabbiobio.cl\\\/\",\"name\":\"City Lab B\u00edo B\u00edo\",\"description\":\"Evolucionamos la ciudad\",\"publisher\":{\"@id\":\"https:\\\/\\\/citylabbiobio.cl\\\/#organization\"},\"alternateName\":\"Laboratorio de ciudad\",\"potentialAction\":[{\"@type\":\"SearchAction\",\"target\":{\"@type\":\"EntryPoint\",\"urlTemplate\":\"https:\\\/\\\/citylabbiobio.cl\\\/?s={search_term_string}\"},\"query-input\":{\"@type\":\"PropertyValueSpecification\",\"valueRequired\":true,\"valueName\":\"search_term_string\"}}],\"inLanguage\":\"en-US\"},{\"@type\":\"Organization\",\"@id\":\"https:\\\/\\\/citylabbiobio.cl\\\/#organization\",\"name\":\"City Lab B\u00edo B\u00edo\",\"alternateName\":\"Laboratorio de Ciudad Biob\u00edo\",\"url\":\"https:\\\/\\\/citylabbiobio.cl\\\/\",\"logo\":{\"@type\":\"ImageObject\",\"inLanguage\":\"en-US\",\"@id\":\"https:\\\/\\\/citylabbiobio.cl\\\/#\\\/schema\\\/logo\\\/image\\\/\",\"url\":\"https:\\\/\\\/citylabbiobio.cl\\\/wp-content\\\/uploads\\\/2023\\\/05\\\/logo-cl-mit.png\",\"contentUrl\":\"https:\\\/\\\/citylabbiobio.cl\\\/wp-content\\\/uploads\\\/2023\\\/05\\\/logo-cl-mit.png\",\"width\":290,\"height\":83,\"caption\":\"City Lab B\u00edo B\u00edo\"},\"image\":{\"@id\":\"https:\\\/\\\/citylabbiobio.cl\\\/#\\\/schema\\\/logo\\\/image\\\/\"},\"sameAs\":[\"https:\\\/\\\/www.youtube.com\\\/@CityLabBiobio\",\"https:\\\/\\\/www.linkedin.com\\\/company\\\/citylabbiobio\\\/?originalSubdomain=cl\",\"https:\\\/\\\/www.instagram.com\\\/citylabbiobio\\\/\"]}]}<\/script>\n<!-- \/ Yoast SEO plugin. -->","yoast_head_json":{"title":"MIT City Science Network - City Lab Biob\u00edo - evolucionamos la ciudad","robots":{"index":"index","follow":"follow","max-snippet":"max-snippet:-1","max-image-preview":"max-image-preview:large","max-video-preview":"max-video-preview:-1"},"canonical":"https:\/\/citylabbiobio.cl\/en\/mit-city-science-network\/","og_locale":"en_US","og_type":"article","og_title":"MIT City Science Network - City Lab Biob\u00edo - evolucionamos la ciudad","og_url":"https:\/\/citylabbiobio.cl\/en\/mit-city-science-network\/","og_site_name":"City Lab Biob\u00edo - evolucionamos la ciudad","article_modified_time":"2025-02-05T19:06:15+00:00","og_image":[{"width":1000,"height":400,"url":"https:\/\/citylabbiobio.cl\/wp-content\/uploads\/2023\/05\/tit-5.jpg","type":"image\/jpeg"}],"twitter_card":"summary_large_image","twitter_misc":{"Est. reading time":"5 minutes"},"schema":{"@context":"https:\/\/schema.org","@graph":[{"@type":"WebPage","@id":"https:\/\/citylabbiobio.cl\/en\/mit-city-science-network\/","url":"https:\/\/citylabbiobio.cl\/en\/mit-city-science-network\/","name":"MIT City Science Network - City Lab Biob\u00edo - evolucionamos la ciudad","isPartOf":{"@id":"https:\/\/citylabbiobio.cl\/#website"},"primaryImageOfPage":{"@id":"https:\/\/citylabbiobio.cl\/en\/mit-city-science-network\/#primaryimage"},"image":{"@id":"https:\/\/citylabbiobio.cl\/en\/mit-city-science-network\/#primaryimage"},"thumbnailUrl":"https:\/\/d26q11cgz8q0ri.cloudfront.net\/2023\/05\/21115728\/tit-5.jpg","datePublished":"2023-05-18T15:46:40+00:00","dateModified":"2025-02-05T19:06:15+00:00","breadcrumb":{"@id":"https:\/\/citylabbiobio.cl\/en\/mit-city-science-network\/#breadcrumb"},"inLanguage":"en-US","potentialAction":[{"@type":"ReadAction","target":["https:\/\/citylabbiobio.cl\/en\/mit-city-science-network\/"]}]},{"@type":"ImageObject","inLanguage":"en-US","@id":"https:\/\/citylabbiobio.cl\/en\/mit-city-science-network\/#primaryimage","url":"https:\/\/d26q11cgz8q0ri.cloudfront.net\/2023\/05\/21115728\/tit-5.jpg","contentUrl":"https:\/\/d26q11cgz8q0ri.cloudfront.net\/2023\/05\/21115728\/tit-5.jpg","width":1000,"height":400},{"@type":"BreadcrumbList","@id":"https:\/\/citylabbiobio.cl\/en\/mit-city-science-network\/#breadcrumb","itemListElement":[{"@type":"ListItem","position":1,"name":"Portada","item":"https:\/\/citylabbiobio.cl\/en\/"},{"@type":"ListItem","position":2,"name":"MIT City Science Network"}]},{"@type":"WebSite","@id":"https:\/\/citylabbiobio.cl\/#website","url":"https:\/\/citylabbiobio.cl\/","name":"City Lab B\u00edo B\u00edo","description":"Evolucionamos la ciudad","publisher":{"@id":"https:\/\/citylabbiobio.cl\/#organization"},"alternateName":"Laboratorio de ciudad","potentialAction":[{"@type":"SearchAction","target":{"@type":"EntryPoint","urlTemplate":"https:\/\/citylabbiobio.cl\/?s={search_term_string}"},"query-input":{"@type":"PropertyValueSpecification","valueRequired":true,"valueName":"search_term_string"}}],"inLanguage":"en-US"},{"@type":"Organization","@id":"https:\/\/citylabbiobio.cl\/#organization","name":"City Lab B\u00edo B\u00edo","alternateName":"Laboratorio de Ciudad Biob\u00edo","url":"https:\/\/citylabbiobio.cl\/","logo":{"@type":"ImageObject","inLanguage":"en-US","@id":"https:\/\/citylabbiobio.cl\/#\/schema\/logo\/image\/","url":"https:\/\/citylabbiobio.cl\/wp-content\/uploads\/2023\/05\/logo-cl-mit.png","contentUrl":"https:\/\/citylabbiobio.cl\/wp-content\/uploads\/2023\/05\/logo-cl-mit.png","width":290,"height":83,"caption":"City Lab B\u00edo B\u00edo"},"image":{"@id":"https:\/\/citylabbiobio.cl\/#\/schema\/logo\/image\/"},"sameAs":["https:\/\/www.youtube.com\/@CityLabBiobio","https:\/\/www.linkedin.com\/company\/citylabbiobio\/?originalSubdomain=cl","https:\/\/www.instagram.com\/citylabbiobio\/"]}]}},"_links":{"self":[{"href":"https:\/\/citylabbiobio.cl\/en\/wp-json\/wp\/v2\/pages\/2471","targetHints":{"allow":["GET"]}}],"collection":[{"href":"https:\/\/citylabbiobio.cl\/en\/wp-json\/wp\/v2\/pages"}],"about":[{"href":"https:\/\/citylabbiobio.cl\/en\/wp-json\/wp\/v2\/types\/page"}],"author":[{"embeddable":true,"href":"https:\/\/citylabbiobio.cl\/en\/wp-json\/wp\/v2\/users\/3"}],"replies":[{"embeddable":true,"href":"https:\/\/citylabbiobio.cl\/en\/wp-json\/wp\/v2\/comments?post=2471"}],"version-history":[{"count":1,"href":"https:\/\/citylabbiobio.cl\/en\/wp-json\/wp\/v2\/pages\/2471\/revisions"}],"predecessor-version":[{"id":2472,"href":"https:\/\/citylabbiobio.cl\/en\/wp-json\/wp\/v2\/pages\/2471\/revisions\/2472"}],"wp:featuredmedia":[{"embeddable":true,"href":"https:\/\/citylabbiobio.cl\/en\/wp-json\/wp\/v2\/media\/1974"}],"wp:attachment":[{"href":"https:\/\/citylabbiobio.cl\/en\/wp-json\/wp\/v2\/media?parent=2471"}],"curies":[{"name":"wp","href":"https:\/\/api.w.org\/{rel}","templated":true}]}}